{"id":42,"date":"2022-07-12T09:42:01","date_gmt":"2022-07-12T07:42:01","guid":{"rendered":"http:\/\/cdarchitectes.fr\/?page_id=42"},"modified":"2023-02-27T11:34:06","modified_gmt":"2023-02-27T10:34:06","slug":"formulaire-de-renovation-de-son-logement","status":"publish","type":"page","link":"https:\/\/cdarchitectes.fr\/index.php\/formulaire-de-renovation-de-son-logement\/","title":{"rendered":"Formulaire de r\u00e9novation de son logement"},"content":{"rendered":"\n<p>r\u00e9novation ouvrant le droit aux aides de l&rsquo;\u00e9tat dans le cadre de la r\u00e9novation globale<\/p>\n\n\n\n<iframe src=\"https:\/\/docs.google.com\/forms\/d\/e\/1FAIpQLScNavYHoxpBfdEQVA4SdFf-Ah9O4IMg3NdBCjSLY4mXGok7xA\/viewform?embedded=true\" width=\"640\" height=\"1970\" frameborder=\"0\" marginheight=\"0\" marginwidth=\"0\">Chargement\u2026<\/iframe>\n","protected":false},"excerpt":{"rendered":"<p>r\u00e9novation ouvrant le droit aux aides de l&rsquo;\u00e9tat dans le cadre de la r\u00e9novation globale Chargement\u2026<\/p>\n","protected":false},"author":1,"featured_media":0,"parent":0,"menu_order":0,"comment_status":"closed","ping_status":"closed","template":"","meta":[],"_links":{"self":[{"href":"https:\/\/cdarchitectes.fr\/index.php\/wp-json\/wp\/v2\/pages\/42"}],"collection":[{"href":"https:\/\/cdarchitectes.fr\/index.php\/wp-json\/wp\/v2\/pages"}],"about":[{"href":"https:\/\/cdarchitectes.fr\/index.php\/wp-json\/wp\/v2\/types\/page"}],"author":[{"embeddable":true,"href":"https:\/\/cdarchitectes.fr\/index.php\/wp-json\/wp\/v2\/users\/1"}],"replies":[{"embeddable":true,"href":"https:\/\/cdarchitectes.fr\/index.php\/wp-json\/wp\/v2\/comments?post=42"}],"version-history":[{"count":4,"href":"https:\/\/cdarchitectes.fr\/index.php\/wp-json\/wp\/v2\/pages\/42\/revisions"}],"predecessor-version":[{"id":731,"href":"https:\/\/cdarchitectes.fr\/index.php\/wp-json\/wp\/v2\/pages\/42\/revisions\/731"}],"wp:attachment":[{"href":"https:\/\/cdarchitectes.fr\/index.php\/wp-json\/wp\/v2\/media?parent=42"}],"curies":[{"name":"wp","href":"https:\/\/api.w.org\/{rel}","templated":true}]}}